{"id":1160,"date":"2022-05-06T08:09:09","date_gmt":"2022-05-06T08:09:09","guid":{"rendered":"https:\/\/simamultimedia.com\/demo4\/?page_id=1160"},"modified":"2023-02-13T13:35:53","modified_gmt":"2023-02-13T13:35:53","slug":"news","status":"publish","type":"page","link":"https:\/\/restaurantebarlapalma.com\/en\/noticias\/","title":{"rendered":"News"},"content":{"rendered":"<div data-elementor-type=\"wp-page\" data-elementor-id=\"1160\" class=\"elementor elementor-1160\">\n\t\t\t\t\t\t<section class=\"elementor-section elementor-top-section elementor-element elementor-element-780e4a7 elementor-section-height-min-height pt-section-content-fullwidth pt_scroll_y_120 pt-parallax-on-scroll elementor-section-boxed elementor-section-height-default elementor-section-items-middle\" data-id=\"780e4a7\" data-element_type=\"section\" data-settings=\"{&quot;background_background&quot;:&quot;classic&quot;}\" data-pt-parallax-y=\"120\" style=\"background-image: none;\" data-pt-background-image=\"https:\/\/patiotime.loftocean.com\/demo4\/wp-content\/uploads\/sites\/7\/2022\/04\/nati-melnychuk-mAvMbsbBodk-unsplash.jpg\">\n\t\t\t\t\t\t\t<div class=\"elementor-background-overlay\"><\/div>\n\t\t\t\t\t\t\t<div class=\"elementor-container elementor-column-gap-no\">\n\t\t\t\t\t<div class=\"elementor-column elementor-col-100 elementor-top-column elementor-element elementor-element-9037a27 dark-color\" data-id=\"9037a27\" data-element_type=\"column\">\n\t\t\t<div class=\"elementor-widget-wrap elementor-element-populated\">\n\t\t\t\t\t\t<div class=\"elementor-element elementor-element-a5769e9 elementor-widget elementor-widget-pt_title\" data-id=\"a5769e9\" data-element_type=\"widget\" data-widget_type=\"pt_title.default\">\n\t\t\t\t<div class=\"elementor-widget-container\">\n\t\t\t\n        <div class=\"pt-title-wrap text-center\">\t            <h2 class=\"pt-title\">\n\t                noticias\t            <\/h2>        <\/div>\t\t<\/div>\n\t\t\t\t<\/div>\n\t\t\t\t\t<\/div>\n\t\t<\/div>\n\t\t\t\t\t<\/div>\n\t\t<\/section>\n\t\t\t\t<section class=\"elementor-section elementor-top-section elementor-element elementor-element-0fb0b1c elementor-section-boxed elementor-section-height-default elementor-section-height-default\" data-id=\"0fb0b1c\" data-element_type=\"section\">\n\t\t\t\t\t\t<div class=\"elementor-container elementor-column-gap-no\">\n\t\t\t\t\t<div class=\"elementor-column elementor-col-100 elementor-top-column elementor-element elementor-element-0982ecc\" data-id=\"0982ecc\" data-element_type=\"column\">\n\t\t\t<div class=\"elementor-widget-wrap elementor-element-populated\">\n\t\t\t\t\t\t<div class=\"elementor-element elementor-element-9c983b3 elementor-widget elementor-widget-pt_blog\" data-id=\"9c983b3\" data-element_type=\"widget\" data-widget_type=\"pt_blog.default\">\n\t\t\t\t<div class=\"elementor-widget-container\">\n\t\t\t\t\t\t\t<div class=\"posts layout-grid column-2 img-ratio-3-2\" data-settings='{\"query\":{\"paged\":1,\"posts_per_page\":\"10\",\"ignore_sticky_posts\":true},\"settings\":{\"layout\":\"grid\",\"columns\":\"2\",\"post_meta\":\"a:4:{i:0;s:7:\\\"excerpt\\\";i:1;s:13:\\\"read_more_btn\\\";i:2;s:8:\\\"category\\\";i:3;s:4:\\\"date\\\";}\",\"page_layout\":\"\",\"pagination\":\"\",\"archive_page\":\"elementor\"}}'>\n\t\t\t\t\t\t\t\t\t<div class=\"posts-wrapper\">\n<article class=\"post-7194 post type-post status-publish format-standard has-post-thumbnail hentry category-sin-categoria\">    <div class=\"featured-img\">            <a href=\"https:\/\/restaurantebarlapalma.com\/en\/2023\/06\/15\/los-boquerones-en-vinagre-de-la-palma\/\"><img fetchpriority=\"high\" decoding=\"async\" width=\"780\" height=\"420\" src=\"https:\/\/restaurantebarlapalma.com\/wp-content\/uploads\/2023\/06\/LaPalma_05s-780x420.jpg\" class=\"attachment-patiotime_780x9999 size-patiotime_780x9999 wp-post-image image-layout-grid-column-2\" alt=\"\" srcset=\"https:\/\/restaurantebarlapalma.com\/wp-content\/uploads\/2023\/06\/LaPalma_05s-780x420.jpg 780w, https:\/\/restaurantebarlapalma.com\/wp-content\/uploads\/2023\/06\/LaPalma_05s-300x162.jpg 300w, https:\/\/restaurantebarlapalma.com\/wp-content\/uploads\/2023\/06\/LaPalma_05s-1024x552.jpg 1024w, https:\/\/restaurantebarlapalma.com\/wp-content\/uploads\/2023\/06\/LaPalma_05s-768x414.jpg 768w, https:\/\/restaurantebarlapalma.com\/wp-content\/uploads\/2023\/06\/LaPalma_05s-600x323.jpg 600w, https:\/\/restaurantebarlapalma.com\/wp-content\/uploads\/2023\/06\/LaPalma_05s-550x296.jpg 550w, https:\/\/restaurantebarlapalma.com\/wp-content\/uploads\/2023\/06\/LaPalma_05s-370x199.jpg 370w, https:\/\/restaurantebarlapalma.com\/wp-content\/uploads\/2023\/06\/LaPalma_05s-255x137.jpg 255w, https:\/\/restaurantebarlapalma.com\/wp-content\/uploads\/2023\/06\/LaPalma_05s-150x81.jpg 150w, https:\/\/restaurantebarlapalma.com\/wp-content\/uploads\/2023\/06\/LaPalma_05s.jpg 1080w\" sizes=\"(max-width: 780px) 100vw, 780px\" \/><\/a>    <\/div>\n    <div class=\"post-content\">\n        <header class=\"post-header\">            <div class=\"meta-wrap\">                    <div class=\"meta\">        <div class=\"meta-item time\">\n            <a href=\"https:\/\/restaurantebarlapalma.com\/en\/2023\/06\/15\/los-boquerones-en-vinagre-de-la-palma\/\">\n                <time class=\"published\" datetime=\"2023-06-15T09:09:49+00:00\">15 de June de 2023<\/time>\n            <\/a>\n        <\/div>                     <\/div>\t\t\t<div class=\"cat-links\"><a href=\"https:\/\/restaurantebarlapalma.com\/en\/category\/sin-categoria\/\" rel=\"tag\">Sin categor\u00eda<\/a><\/div>            <\/div>    <h2 class=\"post-title\">\n        <a href=\"https:\/\/restaurantebarlapalma.com\/en\/2023\/06\/15\/los-boquerones-en-vinagre-de-la-palma\/\">Los boquerones en vinagre de La Palma<\/a>\n    <\/h2>        <\/header>\t\t<div class=\"post-excerpt\"><p>Si hay algo que no puede faltar en una comida en el sur de Espa\u00f1a, es un plato de boquerones en vinagre. Y si est\u00e1s &#8230;<\/p>\n<\/div>             <footer class=\"post-footer\">        <div class=\"more-btn\">\n            <a class=\"read-more-btn button pt-btn-underline\" href=\"https:\/\/restaurantebarlapalma.com\/en\/2023\/06\/15\/los-boquerones-en-vinagre-de-la-palma\/\"><span>Read More<\/span><\/a>\n        <\/div>            <\/footer>    <\/div>\n<\/article>\n\n<article class=\"post-1174 post type-post status-publish format-standard has-post-thumbnail hentry category-sin-categoria\">    <div class=\"featured-img\">            <a href=\"https:\/\/restaurantebarlapalma.com\/en\/2022\/05\/06\/love-and-food-it-is-all-about-spice-2\/\"><img decoding=\"async\" width=\"780\" height=\"542\" src=\"https:\/\/restaurantebarlapalma.com\/wp-content\/uploads\/2023\/02\/lapalma_antigua-780x542.jpg\" class=\"attachment-patiotime_780x9999 size-patiotime_780x9999 wp-post-image image-layout-grid-column-2\" alt=\"Estepona La Palma Restaurant\" srcset=\"https:\/\/restaurantebarlapalma.com\/wp-content\/uploads\/2023\/02\/lapalma_antigua-780x542.jpg 780w, https:\/\/restaurantebarlapalma.com\/wp-content\/uploads\/2023\/02\/lapalma_antigua-300x208.jpg 300w, https:\/\/restaurantebarlapalma.com\/wp-content\/uploads\/2023\/02\/lapalma_antigua-1024x711.jpg 1024w, https:\/\/restaurantebarlapalma.com\/wp-content\/uploads\/2023\/02\/lapalma_antigua-768x533.jpg 768w, https:\/\/restaurantebarlapalma.com\/wp-content\/uploads\/2023\/02\/lapalma_antigua-1536x1067.jpg 1536w, https:\/\/restaurantebarlapalma.com\/wp-content\/uploads\/2023\/02\/lapalma_antigua-2048x1422.jpg 2048w, https:\/\/restaurantebarlapalma.com\/wp-content\/uploads\/2023\/02\/lapalma_antigua-1920x1333.jpg 1920w, https:\/\/restaurantebarlapalma.com\/wp-content\/uploads\/2023\/02\/lapalma_antigua-1440x1000.jpg 1440w, https:\/\/restaurantebarlapalma.com\/wp-content\/uploads\/2023\/02\/lapalma_antigua-1200x833.jpg 1200w, https:\/\/restaurantebarlapalma.com\/wp-content\/uploads\/2023\/02\/lapalma_antigua-600x417.jpg 600w, https:\/\/restaurantebarlapalma.com\/wp-content\/uploads\/2023\/02\/lapalma_antigua-550x382.jpg 550w, https:\/\/restaurantebarlapalma.com\/wp-content\/uploads\/2023\/02\/lapalma_antigua-370x257.jpg 370w, https:\/\/restaurantebarlapalma.com\/wp-content\/uploads\/2023\/02\/lapalma_antigua-255x177.jpg 255w, https:\/\/restaurantebarlapalma.com\/wp-content\/uploads\/2023\/02\/lapalma_antigua-150x104.jpg 150w\" sizes=\"(max-width: 780px) 100vw, 780px\" \/><\/a>    <\/div>\n    <div class=\"post-content\">\n        <header class=\"post-header\">            <div class=\"meta-wrap\">                    <div class=\"meta\">        <div class=\"meta-item time\">\n            <a href=\"https:\/\/restaurantebarlapalma.com\/en\/2022\/05\/06\/love-and-food-it-is-all-about-spice-2\/\">\n                <time class=\"published\" datetime=\"2022-05-06T08:22:33+00:00\">6 de May de 2022<\/time>\n            <\/a>\n        <\/div>                     <\/div>\t\t\t<div class=\"cat-links\"><a href=\"https:\/\/restaurantebarlapalma.com\/en\/category\/sin-categoria\/\" rel=\"tag\">Sin categor\u00eda<\/a><\/div>            <\/div>    <h2 class=\"post-title\">\n        <a href=\"https:\/\/restaurantebarlapalma.com\/en\/2022\/05\/06\/love-and-food-it-is-all-about-spice-2\/\">La Palma, uno de los bares con m\u00e1s tradici\u00f3n de Estepona<\/a>\n    <\/h2>        <\/header>\t\t<div class=\"post-excerpt\"><p>\u201cMi familia y yo lo primero que hacemos cuando llegamos a Estepona es ir a La Palma\u201d. Esta frase es de sobra conocida para las &#8230;<\/p>\n<\/div>             <footer class=\"post-footer\">        <div class=\"more-btn\">\n            <a class=\"read-more-btn button pt-btn-underline\" href=\"https:\/\/restaurantebarlapalma.com\/en\/2022\/05\/06\/love-and-food-it-is-all-about-spice-2\/\"><span>Read More<\/span><\/a>\n        <\/div>            <\/footer>    <\/div>\n<\/article>\n\n<article class=\"post-1157 post type-post status-publish format-standard has-post-thumbnail hentry category-sin-categoria\">    <div class=\"featured-img\">            <a href=\"https:\/\/restaurantebarlapalma.com\/en\/2022\/05\/06\/restaurante-la-palma-estepona\/\"><img decoding=\"async\" width=\"780\" height=\"518\" src=\"https:\/\/restaurantebarlapalma.com\/wp-content\/uploads\/2023\/02\/camarones-frescos-hervidos-mostrador-hielo-780x518.jpg\" class=\"attachment-patiotime_780x9999 size-patiotime_780x9999 wp-post-image image-layout-grid-column-2\" alt=\"\" srcset=\"https:\/\/restaurantebarlapalma.com\/wp-content\/uploads\/2023\/02\/camarones-frescos-hervidos-mostrador-hielo-780x518.jpg 780w, https:\/\/restaurantebarlapalma.com\/wp-content\/uploads\/2023\/02\/camarones-frescos-hervidos-mostrador-hielo-300x199.jpg 300w, https:\/\/restaurantebarlapalma.com\/wp-content\/uploads\/2023\/02\/camarones-frescos-hervidos-mostrador-hielo-1024x680.jpg 1024w, https:\/\/restaurantebarlapalma.com\/wp-content\/uploads\/2023\/02\/camarones-frescos-hervidos-mostrador-hielo-768x510.jpg 768w, https:\/\/restaurantebarlapalma.com\/wp-content\/uploads\/2023\/02\/camarones-frescos-hervidos-mostrador-hielo-1536x1020.jpg 1536w, https:\/\/restaurantebarlapalma.com\/wp-content\/uploads\/2023\/02\/camarones-frescos-hervidos-mostrador-hielo-2048x1360.jpg 2048w, https:\/\/restaurantebarlapalma.com\/wp-content\/uploads\/2023\/02\/camarones-frescos-hervidos-mostrador-hielo-1920x1275.jpg 1920w, https:\/\/restaurantebarlapalma.com\/wp-content\/uploads\/2023\/02\/camarones-frescos-hervidos-mostrador-hielo-1440x956.jpg 1440w, https:\/\/restaurantebarlapalma.com\/wp-content\/uploads\/2023\/02\/camarones-frescos-hervidos-mostrador-hielo-1200x797.jpg 1200w, https:\/\/restaurantebarlapalma.com\/wp-content\/uploads\/2023\/02\/camarones-frescos-hervidos-mostrador-hielo-600x398.jpg 600w, https:\/\/restaurantebarlapalma.com\/wp-content\/uploads\/2023\/02\/camarones-frescos-hervidos-mostrador-hielo-550x365.jpg 550w, https:\/\/restaurantebarlapalma.com\/wp-content\/uploads\/2023\/02\/camarones-frescos-hervidos-mostrador-hielo-370x246.jpg 370w, https:\/\/restaurantebarlapalma.com\/wp-content\/uploads\/2023\/02\/camarones-frescos-hervidos-mostrador-hielo-255x169.jpg 255w, https:\/\/restaurantebarlapalma.com\/wp-content\/uploads\/2023\/02\/camarones-frescos-hervidos-mostrador-hielo-150x100.jpg 150w\" sizes=\"(max-width: 780px) 100vw, 780px\" \/><\/a>    <\/div>\n    <div class=\"post-content\">\n        <header class=\"post-header\">            <div class=\"meta-wrap\">                    <div class=\"meta\">        <div class=\"meta-item time\">\n            <a href=\"https:\/\/restaurantebarlapalma.com\/en\/2022\/05\/06\/restaurante-la-palma-estepona\/\">\n                <time class=\"published\" datetime=\"2022-05-06T08:06:34+00:00\">6 de May de 2022<\/time>\n            <\/a>\n        <\/div>                     <\/div>\t\t\t<div class=\"cat-links\"><a href=\"https:\/\/restaurantebarlapalma.com\/en\/category\/sin-categoria\/\" rel=\"tag\">Sin categor\u00eda<\/a><\/div>            <\/div>    <h2 class=\"post-title\">\n        <a href=\"https:\/\/restaurantebarlapalma.com\/en\/2022\/05\/06\/restaurante-la-palma-estepona\/\">La Palma, centro gastron\u00f3mico y social de Estepona<\/a>\n    <\/h2>        <\/header>\t\t<div class=\"post-excerpt\"><p>La Palma es uno de los lugares con m\u00e1s solera de Estepona. Nos podr\u00e1s encontrar en la c\u00e9ntrica calle Terraza y es uno de los &#8230;<\/p>\n<\/div>             <footer class=\"post-footer\">        <div class=\"more-btn\">\n            <a class=\"read-more-btn button pt-btn-underline\" href=\"https:\/\/restaurantebarlapalma.com\/en\/2022\/05\/06\/restaurante-la-palma-estepona\/\"><span>Read More<\/span><\/a>\n        <\/div>            <\/footer>    <\/div>\n<\/article>\n\t\t\t\t<\/div>\t\t\t\t<\/div>\t\t<\/div>\n\t\t\t\t<\/div>\n\t\t\t\t\t<\/div>\n\t\t<\/div>\n\t\t\t\t\t<\/div>\n\t\t<\/section>\n\t\t\t\t<\/div>","protected":false},"excerpt":{"rendered":"<p>noticias 6 de mayo de 2022 News Recipe La Palma, uno de los bares con m\u00e1s tradici\u00f3n de Estepona \u201cMi familia y yo lo primero que hacemos cuando llegamos a Estepona es ir a La Palma\u201d. Esta frase es de sobra conocida para las &#8230; Read More 6 de mayo de 2022 News La Palma, &#8230;<\/p>","protected":false},"author":1,"featured_media":0,"parent":0,"menu_order":0,"comment_status":"closed","ping_status":"closed","template":"template-wide-content.php","meta":{"_monsterinsights_skip_tracking":false,"_monsterinsights_sitenote_active":false,"_monsterinsights_sitenote_note":"","_monsterinsights_sitenote_category":0,"patiotime_single_page_hide_site_header":"","patiotime_single_page_site_header_source":"","patiotime_single_page_custom_site_header":"0","patiotime_single_page_custom_sticky_site_header":"0","patiotime_single_page_hide_page_title":"on","patiotime_single_page_header_section_size":"","patiotime_single_page_header_background_color":"","patiotime_single_page_header_background_position_x":"center","patiotime_single_page_header_background_position_y":"center","patiotime_single_page_header_background_size":"cover","patiotime_single_page_header_background_repeat":"off","patiotime_single_page_header_background_scroll":"on","patiotime_single_page_header_text_color":"","patiotime_single_page_header_show_breadcrumb":"","patiotime_single_page_site_footer_hide_main":"","patiotime_single_custom_site_footer_main_source":"","patiotime_single_custom_site_footer_main":"0","patiotime_single_page_site_footer_hide_above":"","patiotime_single_custom_site_footer_above_source":"","patiotime_single_custom_site_footer_above":"0","patiotime_single_page_site_footer_hide_instagram":"","patiotime_single_page_site_footer_hide_bottom":"","patiotime_single_custom_mobile_menu_source":"","patiotime_single_custom_mobile_menu":"0","patiotime_single_custom_mobile_menu_animation":"","patiotime_single_custom_mobile_menu_width":"","patiotime_single_custom_mobile_menu_custom_width":375,"footnotes":""},"class_list":["post-1160","page","type-page","status-publish","hentry"],"yoast_head":"<!-- This site is optimized with the Yoast SEO Premium plugin v27.3 (Yoast SEO v27.3) - https:\/\/yoast.com\/product\/yoast-seo-premium-wordpress\/ -->\n<title>Noticias - Restaurante en Estepona centro | La Palma desde 1964 %<\/title>\n<meta name=\"robots\" content=\"index, follow, max-snippet:-1, max-image-preview:large, max-video-preview:-1\" \/>\n<link rel=\"canonical\" href=\"https:\/\/restaurantebarlapalma.com\/en\/news\/\" \/>\n<meta property=\"og:locale\" content=\"en_GB\" \/>\n<meta property=\"og:type\" content=\"article\" \/>\n<meta property=\"og:title\" content=\"Noticias\" \/>\n<meta property=\"og:description\" content=\"noticias 6 de mayo de 2022 News Recipe La Palma, uno de los bares con m\u00e1s tradici\u00f3n de Estepona \u201cMi familia y yo lo primero que hacemos cuando llegamos a Estepona es ir a La Palma\u201d. Esta frase es de sobra conocida para las &#8230; Read More 6 de mayo de 2022 News La Palma, ...\" \/>\n<meta property=\"og:url\" content=\"https:\/\/restaurantebarlapalma.com\/en\/news\/\" \/>\n<meta property=\"og:site_name\" content=\"Restaurante en Estepona centro | La Palma desde 1964\" \/>\n<meta property=\"article:publisher\" content=\"https:\/\/www.facebook.com\/BarRestauranteLaPalma\/\" \/>\n<meta property=\"article:modified_time\" content=\"2023-02-13T13:35:53+00:00\" \/>\n<meta property=\"og:image\" content=\"https:\/\/restaurantelapalma.com\/wp-content\/uploads\/2022\/05\/viviana-rishe-zf8tA3L5wBc-unsplash-780x520.jpg\" \/>\n<meta name=\"twitter:card\" content=\"summary_large_image\" \/>\n<meta name=\"twitter:label1\" content=\"Estimated reading time\" \/>\n\t<meta name=\"twitter:data1\" content=\"1 minute\" \/>\n<script type=\"application\/ld+json\" class=\"yoast-schema-graph\">{\"@context\":\"https:\\\/\\\/schema.org\",\"@graph\":[{\"@type\":\"WebPage\",\"@id\":\"https:\\\/\\\/restaurantebarlapalma.com\\\/noticias\\\/\",\"url\":\"https:\\\/\\\/restaurantebarlapalma.com\\\/noticias\\\/\",\"name\":\"Noticias - Restaurante en Estepona centro | La Palma desde 1964 %\",\"isPartOf\":{\"@id\":\"https:\\\/\\\/restaurantebarlapalma.com\\\/#website\"},\"primaryImageOfPage\":{\"@id\":\"https:\\\/\\\/restaurantebarlapalma.com\\\/noticias\\\/#primaryimage\"},\"image\":{\"@id\":\"https:\\\/\\\/restaurantebarlapalma.com\\\/noticias\\\/#primaryimage\"},\"thumbnailUrl\":\"https:\\\/\\\/restaurantelapalma.com\\\/wp-content\\\/uploads\\\/2022\\\/05\\\/viviana-rishe-zf8tA3L5wBc-unsplash-780x520.jpg\",\"datePublished\":\"2022-05-06T08:09:09+00:00\",\"dateModified\":\"2023-02-13T13:35:53+00:00\",\"breadcrumb\":{\"@id\":\"https:\\\/\\\/restaurantebarlapalma.com\\\/noticias\\\/#breadcrumb\"},\"inLanguage\":\"en-GB\",\"potentialAction\":[{\"@type\":\"ReadAction\",\"target\":[\"https:\\\/\\\/restaurantebarlapalma.com\\\/noticias\\\/\"]}]},{\"@type\":\"ImageObject\",\"inLanguage\":\"en-GB\",\"@id\":\"https:\\\/\\\/restaurantebarlapalma.com\\\/noticias\\\/#primaryimage\",\"url\":\"https:\\\/\\\/restaurantelapalma.com\\\/wp-content\\\/uploads\\\/2022\\\/05\\\/viviana-rishe-zf8tA3L5wBc-unsplash-780x520.jpg\",\"contentUrl\":\"https:\\\/\\\/restaurantelapalma.com\\\/wp-content\\\/uploads\\\/2022\\\/05\\\/viviana-rishe-zf8tA3L5wBc-unsplash-780x520.jpg\"},{\"@type\":\"BreadcrumbList\",\"@id\":\"https:\\\/\\\/restaurantebarlapalma.com\\\/noticias\\\/#breadcrumb\",\"itemListElement\":[{\"@type\":\"ListItem\",\"position\":1,\"name\":\"Home\",\"item\":\"https:\\\/\\\/restaurantebarlapalma.com\\\/\"},{\"@type\":\"ListItem\",\"position\":2,\"name\":\"Noticias\"}]},{\"@type\":\"WebSite\",\"@id\":\"https:\\\/\\\/restaurantebarlapalma.com\\\/#website\",\"url\":\"https:\\\/\\\/restaurantebarlapalma.com\\\/\",\"name\":\"Restaurante en Estepona centro | La Palma desde 1964\",\"description\":\"\",\"publisher\":{\"@id\":\"https:\\\/\\\/restaurantebarlapalma.com\\\/#organization\"},\"potentialAction\":[{\"@type\":\"SearchAction\",\"target\":{\"@type\":\"EntryPoint\",\"urlTemplate\":\"https:\\\/\\\/restaurantebarlapalma.com\\\/?s={search_term_string}\"},\"query-input\":{\"@type\":\"PropertyValueSpecification\",\"valueRequired\":true,\"valueName\":\"search_term_string\"}}],\"inLanguage\":\"en-GB\"},{\"@type\":\"Organization\",\"@id\":\"https:\\\/\\\/restaurantebarlapalma.com\\\/#organization\",\"name\":\"Restaurante en Estepona centro | La Palma desde 1964\",\"url\":\"https:\\\/\\\/restaurantebarlapalma.com\\\/\",\"logo\":{\"@type\":\"ImageObject\",\"inLanguage\":\"en-GB\",\"@id\":\"https:\\\/\\\/restaurantebarlapalma.com\\\/#\\\/schema\\\/logo\\\/image\\\/\",\"url\":\"https:\\\/\\\/restaurantebarlapalma.com\\\/wp-content\\\/uploads\\\/2023\\\/02\\\/header_logo.png\",\"contentUrl\":\"https:\\\/\\\/restaurantebarlapalma.com\\\/wp-content\\\/uploads\\\/2023\\\/02\\\/header_logo.png\",\"width\":800,\"height\":240,\"caption\":\"Restaurante en Estepona centro | La Palma desde 1964\"},\"image\":{\"@id\":\"https:\\\/\\\/restaurantebarlapalma.com\\\/#\\\/schema\\\/logo\\\/image\\\/\"},\"sameAs\":[\"https:\\\/\\\/www.facebook.com\\\/BarRestauranteLaPalma\\\/\",\"https:\\\/\\\/www.instagram.com\\\/restaurantebarlapalma\\\/\"]}]}<\/script>\n<!-- \/ Yoast SEO Premium plugin. -->","yoast_head_json":{"title":"Noticias - Restaurante en Estepona centro | La Palma desde 1964 %","robots":{"index":"index","follow":"follow","max-snippet":"max-snippet:-1","max-image-preview":"max-image-preview:large","max-video-preview":"max-video-preview:-1"},"canonical":"https:\/\/restaurantebarlapalma.com\/en\/news\/","og_locale":"en_GB","og_type":"article","og_title":"Noticias","og_description":"noticias 6 de mayo de 2022 News Recipe La Palma, uno de los bares con m\u00e1s tradici\u00f3n de Estepona \u201cMi familia y yo lo primero que hacemos cuando llegamos a Estepona es ir a La Palma\u201d. Esta frase es de sobra conocida para las &#8230; Read More 6 de mayo de 2022 News La Palma, ...","og_url":"https:\/\/restaurantebarlapalma.com\/en\/news\/","og_site_name":"Restaurante en Estepona centro | La Palma desde 1964","article_publisher":"https:\/\/www.facebook.com\/BarRestauranteLaPalma\/","article_modified_time":"2023-02-13T13:35:53+00:00","og_image":[{"url":"https:\/\/restaurantelapalma.com\/wp-content\/uploads\/2022\/05\/viviana-rishe-zf8tA3L5wBc-unsplash-780x520.jpg","type":"","width":"","height":""}],"twitter_card":"summary_large_image","twitter_misc":{"Estimated reading time":"1 minute"},"schema":{"@context":"https:\/\/schema.org","@graph":[{"@type":"WebPage","@id":"https:\/\/restaurantebarlapalma.com\/noticias\/","url":"https:\/\/restaurantebarlapalma.com\/noticias\/","name":"Noticias - Restaurante en Estepona centro | La Palma desde 1964 %","isPartOf":{"@id":"https:\/\/restaurantebarlapalma.com\/#website"},"primaryImageOfPage":{"@id":"https:\/\/restaurantebarlapalma.com\/noticias\/#primaryimage"},"image":{"@id":"https:\/\/restaurantebarlapalma.com\/noticias\/#primaryimage"},"thumbnailUrl":"https:\/\/restaurantelapalma.com\/wp-content\/uploads\/2022\/05\/viviana-rishe-zf8tA3L5wBc-unsplash-780x520.jpg","datePublished":"2022-05-06T08:09:09+00:00","dateModified":"2023-02-13T13:35:53+00:00","breadcrumb":{"@id":"https:\/\/restaurantebarlapalma.com\/noticias\/#breadcrumb"},"inLanguage":"en-GB","potentialAction":[{"@type":"ReadAction","target":["https:\/\/restaurantebarlapalma.com\/noticias\/"]}]},{"@type":"ImageObject","inLanguage":"en-GB","@id":"https:\/\/restaurantebarlapalma.com\/noticias\/#primaryimage","url":"https:\/\/restaurantelapalma.com\/wp-content\/uploads\/2022\/05\/viviana-rishe-zf8tA3L5wBc-unsplash-780x520.jpg","contentUrl":"https:\/\/restaurantelapalma.com\/wp-content\/uploads\/2022\/05\/viviana-rishe-zf8tA3L5wBc-unsplash-780x520.jpg"},{"@type":"BreadcrumbList","@id":"https:\/\/restaurantebarlapalma.com\/noticias\/#breadcrumb","itemListElement":[{"@type":"ListItem","position":1,"name":"Home","item":"https:\/\/restaurantebarlapalma.com\/"},{"@type":"ListItem","position":2,"name":"Noticias"}]},{"@type":"WebSite","@id":"https:\/\/restaurantebarlapalma.com\/#website","url":"https:\/\/restaurantebarlapalma.com\/","name":"Restaurant in Estepona centre | La Palma since 1964","description":"","publisher":{"@id":"https:\/\/restaurantebarlapalma.com\/#organization"},"potentialAction":[{"@type":"SearchAction","target":{"@type":"EntryPoint","urlTemplate":"https:\/\/restaurantebarlapalma.com\/?s={search_term_string}"},"query-input":{"@type":"PropertyValueSpecification","valueRequired":true,"valueName":"search_term_string"}}],"inLanguage":"en-GB"},{"@type":"Organization","@id":"https:\/\/restaurantebarlapalma.com\/#organization","name":"Restaurant in Estepona centre | La Palma since 1964","url":"https:\/\/restaurantebarlapalma.com\/","logo":{"@type":"ImageObject","inLanguage":"en-GB","@id":"https:\/\/restaurantebarlapalma.com\/#\/schema\/logo\/image\/","url":"https:\/\/restaurantebarlapalma.com\/wp-content\/uploads\/2023\/02\/header_logo.png","contentUrl":"https:\/\/restaurantebarlapalma.com\/wp-content\/uploads\/2023\/02\/header_logo.png","width":800,"height":240,"caption":"Restaurante en Estepona centro | La Palma desde 1964"},"image":{"@id":"https:\/\/restaurantebarlapalma.com\/#\/schema\/logo\/image\/"},"sameAs":["https:\/\/www.facebook.com\/BarRestauranteLaPalma\/","https:\/\/www.instagram.com\/restaurantebarlapalma\/"]}]}},"_links":{"self":[{"href":"https:\/\/restaurantebarlapalma.com\/en\/wp-json\/wp\/v2\/pages\/1160","targetHints":{"allow":["GET"]}}],"collection":[{"href":"https:\/\/restaurantebarlapalma.com\/en\/wp-json\/wp\/v2\/pages"}],"about":[{"href":"https:\/\/restaurantebarlapalma.com\/en\/wp-json\/wp\/v2\/types\/page"}],"author":[{"embeddable":true,"href":"https:\/\/restaurantebarlapalma.com\/en\/wp-json\/wp\/v2\/users\/1"}],"replies":[{"embeddable":true,"href":"https:\/\/restaurantebarlapalma.com\/en\/wp-json\/wp\/v2\/comments?post=1160"}],"version-history":[{"count":6,"href":"https:\/\/restaurantebarlapalma.com\/en\/wp-json\/wp\/v2\/pages\/1160\/revisions"}],"predecessor-version":[{"id":6895,"href":"https:\/\/restaurantebarlapalma.com\/en\/wp-json\/wp\/v2\/pages\/1160\/revisions\/6895"}],"wp:attachment":[{"href":"https:\/\/restaurantebarlapalma.com\/en\/wp-json\/wp\/v2\/media?parent=1160"}],"curies":[{"name":"wp","href":"https:\/\/api.w.org\/{rel}","templated":true}]}}