{"id":6110,"date":"2022-04-06T04:05:08","date_gmt":"2022-04-06T04:05:08","guid":{"rendered":"https:\/\/simamultimedia.com\/demo2\/?page_id=6110"},"modified":"2026-04-22T14:31:38","modified_gmt":"2026-04-22T14:31:38","slug":"bookings-2","status":"publish","type":"page","link":"https:\/\/restaurantebarlapalma.com\/en\/reservas\/","title":{"rendered":"Estepona La Palma Restaurant Reservations"},"content":{"rendered":"<div data-elementor-type=\"wp-page\" data-elementor-id=\"6110\" class=\"elementor elementor-6110\">\n\t\t\t\t\t\t<section class=\"elementor-section elementor-top-section elementor-element elementor-element-4e8e2920 elementor-section-full_width elementor-section-content-top elementor-section-height-default elementor-section-height-default\" data-id=\"4e8e2920\" data-element_type=\"section\" data-settings=\"{&quot;background_background&quot;:&quot;classic&quot;}\">\n\t\t\t\t\t\t\t<div class=\"elementor-background-overlay\"><\/div>\n\t\t\t\t\t\t\t<div class=\"elementor-container elementor-column-gap-no\">\n\t\t\t\t\t<div class=\"elementor-column elementor-col-100 elementor-top-column elementor-element elementor-element-226e4a0d\" data-id=\"226e4a0d\" data-element_type=\"column\">\n\t\t\t<div class=\"elementor-widget-wrap elementor-element-populated\">\n\t\t\t\t\t\t<div class=\"elementor-element elementor-element-8079da6 elementor-widget elementor-widget-text-editor\" data-id=\"8079da6\" data-element_type=\"widget\" data-widget_type=\"text-editor.default\">\n\t\t\t\t<div class=\"elementor-widget-container\">\n\t\t\t<style>\/*! elementor - v3.20.0 - 20-03-2024 *\/\n.elementor-widget-text-editor.elementor-drop-cap-view-stacked .elementor-drop-cap{background-color:#69727d;color:#fff}.elementor-widget-text-editor.elementor-drop-cap-view-framed .elementor-drop-cap{color:#69727d;border:3px solid;background-color:transparent}.elementor-widget-text-editor:not(.elementor-drop-cap-view-default) .elementor-drop-cap{margin-top:8px}.elementor-widget-text-editor:not(.elementor-drop-cap-view-default) .elementor-drop-cap-letter{width:1em;height:1em}.elementor-widget-text-editor .elementor-drop-cap{float:left;text-align:center;line-height:1;font-size:50px}.elementor-widget-text-editor .elementor-drop-cap-letter{display:inline-block}<\/style>\t\t\t\t<script type=\"text\/javascript\" src=\"https:\/\/www.covermanager.com\/js\/iframeResizer.min.js\"><span data-mce-type=\"bookmark\" style=\"display: inline-block; width: 0px; overflow: hidden; line-height: 0;\" class=\"mce_SELRES_start\">\ufeff<\/span><span data-mce-type=\"bookmark\" style=\"display: inline-block; width: 0px; overflow: hidden; line-height: 0;\" class=\"mce_SELRES_start\">\ufeff<\/span><span data-mce-type=\"bookmark\" style=\"display: inline-block; width: 0px; overflow: hidden; line-height: 0;\" class=\"mce_SELRES_start\">\ufeff<\/span><span data-mce-type=\"bookmark\" style=\"display: inline-block; width: 0px; overflow: hidden; line-height: 0;\" class=\"mce_SELRES_start\">\ufeff<\/span><\/script><iframe id=\"restaurante-bar-la-palma\" title=\"Reservations\" src=\"https:\/\/www.covermanager.com\/reserve\/module_restaurant\/restaurante-bar-la-palma\/spanish\" width=\"100%\" height=\"2000\" frameborder=\"0\"><\/iframe>\t\t\t\t\t\t<\/div>\n\t\t\t\t<\/div>\n\t\t\t\t\t<\/div>\n\t\t<\/div>\n\t\t\t\t\t<\/div>\n\t\t<\/section>\n\t\t\t\t<\/div>","protected":false},"excerpt":{"rendered":"","protected":false},"author":1,"featured_media":0,"parent":0,"menu_order":0,"comment_status":"closed","ping_status":"closed","template":"template-wide-content.php","meta":{"_monsterinsights_skip_tracking":false,"_monsterinsights_sitenote_active":false,"_monsterinsights_sitenote_note":"","_monsterinsights_sitenote_category":0,"patiotime_single_page_hide_site_header":"","patiotime_single_page_site_header_source":"","patiotime_single_page_custom_site_header":"","patiotime_single_page_custom_sticky_site_header":"","patiotime_single_page_hide_page_title":"on","patiotime_single_page_header_section_size":"","patiotime_single_page_header_background_color":"","patiotime_single_page_header_background_position_x":"center","patiotime_single_page_header_background_position_y":"center","patiotime_single_page_header_background_size":"cover","patiotime_single_page_header_background_repeat":"off","patiotime_single_page_header_background_scroll":"on","patiotime_single_page_header_text_color":"","patiotime_single_page_header_show_breadcrumb":"","patiotime_single_page_site_footer_hide_main":"","patiotime_single_custom_site_footer_main_source":"","patiotime_single_custom_site_footer_main":"","patiotime_single_page_site_footer_hide_above":"on","patiotime_single_custom_site_footer_above_source":"","patiotime_single_custom_site_footer_above":"","patiotime_single_page_site_footer_hide_instagram":"","patiotime_single_page_site_footer_hide_bottom":"","patiotime_single_custom_mobile_menu_source":"","patiotime_single_custom_mobile_menu":"","patiotime_single_custom_mobile_menu_animation":"","patiotime_single_custom_mobile_menu_width":"","patiotime_single_custom_mobile_menu_custom_width":375,"footnotes":""},"class_list":["post-6110","page","type-page","status-publish","hentry"],"yoast_head":"<!-- This site is optimized with the Yoast SEO Premium plugin v27.3 (Yoast SEO v27.3) - https:\/\/yoast.com\/product\/yoast-seo-premium-wordpress\/ -->\n<title>Restaurante en Estepona | La Palma, arroces y pescado fresco<\/title>\n<meta name=\"description\" content=\"Restaurante en Estepona con m\u00e1s de 60 a\u00f1os de historia. Arroces al momento, pescado fresco del d\u00eda y terraza en pleno centro hist\u00f3rico. Reserva en La Palma.\" \/>\n<meta name=\"robots\" content=\"index, follow, max-snippet:-1, max-image-preview:large, max-video-preview:-1\" \/>\n<link rel=\"canonical\" href=\"https:\/\/restaurantebarlapalma.com\/en\/bookings-2\/\" \/>\n<meta property=\"og:locale\" content=\"en_GB\" \/>\n<meta property=\"og:type\" content=\"article\" \/>\n<meta property=\"og:title\" content=\"Restaurante Estepona La Palma Reservas\" \/>\n<meta property=\"og:description\" content=\"Restaurante en Estepona con m\u00e1s de 60 a\u00f1os de historia. Arroces al momento, pescado fresco del d\u00eda y terraza en pleno centro hist\u00f3rico. Reserva en La Palma.\" \/>\n<meta property=\"og:url\" content=\"https:\/\/restaurantebarlapalma.com\/en\/bookings-2\/\" \/>\n<meta property=\"og:site_name\" content=\"Restaurante en Estepona centro | La Palma desde 1964\" \/>\n<meta property=\"article:publisher\" content=\"https:\/\/www.facebook.com\/BarRestauranteLaPalma\/\" \/>\n<meta property=\"article:modified_time\" content=\"2026-04-22T14:31:38+00:00\" \/>\n<meta name=\"twitter:card\" content=\"summary_large_image\" \/>\n<script type=\"application\/ld+json\" class=\"yoast-schema-graph\">{\"@context\":\"https:\\\/\\\/schema.org\",\"@graph\":[{\"@type\":\"WebPage\",\"@id\":\"https:\\\/\\\/restaurantebarlapalma.com\\\/reservas\\\/\",\"url\":\"https:\\\/\\\/restaurantebarlapalma.com\\\/reservas\\\/\",\"name\":\"Restaurante en Estepona | La Palma, arroces y pescado fresco\",\"isPartOf\":{\"@id\":\"https:\\\/\\\/restaurantebarlapalma.com\\\/#website\"},\"datePublished\":\"2022-04-06T04:05:08+00:00\",\"dateModified\":\"2026-04-22T14:31:38+00:00\",\"description\":\"Restaurante en Estepona con m\u00e1s de 60 a\u00f1os de historia. Arroces al momento, pescado fresco del d\u00eda y terraza en pleno centro hist\u00f3rico. Reserva en La Palma.\",\"breadcrumb\":{\"@id\":\"https:\\\/\\\/restaurantebarlapalma.com\\\/reservas\\\/#breadcrumb\"},\"inLanguage\":\"en-GB\",\"potentialAction\":[{\"@type\":\"ReadAction\",\"target\":[\"https:\\\/\\\/restaurantebarlapalma.com\\\/reservas\\\/\"]}]},{\"@type\":\"BreadcrumbList\",\"@id\":\"https:\\\/\\\/restaurantebarlapalma.com\\\/reservas\\\/#breadcrumb\",\"itemListElement\":[{\"@type\":\"ListItem\",\"position\":1,\"name\":\"Home\",\"item\":\"https:\\\/\\\/restaurantebarlapalma.com\\\/\"},{\"@type\":\"ListItem\",\"position\":2,\"name\":\"Restaurante Estepona La Palma Reservas\"}]},{\"@type\":\"WebSite\",\"@id\":\"https:\\\/\\\/restaurantebarlapalma.com\\\/#website\",\"url\":\"https:\\\/\\\/restaurantebarlapalma.com\\\/\",\"name\":\"Restaurante en Estepona centro | La Palma desde 1964\",\"description\":\"\",\"publisher\":{\"@id\":\"https:\\\/\\\/restaurantebarlapalma.com\\\/#organization\"},\"potentialAction\":[{\"@type\":\"SearchAction\",\"target\":{\"@type\":\"EntryPoint\",\"urlTemplate\":\"https:\\\/\\\/restaurantebarlapalma.com\\\/?s={search_term_string}\"},\"query-input\":{\"@type\":\"PropertyValueSpecification\",\"valueRequired\":true,\"valueName\":\"search_term_string\"}}],\"inLanguage\":\"en-GB\"},{\"@type\":\"Organization\",\"@id\":\"https:\\\/\\\/restaurantebarlapalma.com\\\/#organization\",\"name\":\"Restaurante en Estepona centro | La Palma desde 1964\",\"url\":\"https:\\\/\\\/restaurantebarlapalma.com\\\/\",\"logo\":{\"@type\":\"ImageObject\",\"inLanguage\":\"en-GB\",\"@id\":\"https:\\\/\\\/restaurantebarlapalma.com\\\/#\\\/schema\\\/logo\\\/image\\\/\",\"url\":\"https:\\\/\\\/restaurantebarlapalma.com\\\/wp-content\\\/uploads\\\/2023\\\/02\\\/header_logo.png\",\"contentUrl\":\"https:\\\/\\\/restaurantebarlapalma.com\\\/wp-content\\\/uploads\\\/2023\\\/02\\\/header_logo.png\",\"width\":800,\"height\":240,\"caption\":\"Restaurante en Estepona centro | La Palma desde 1964\"},\"image\":{\"@id\":\"https:\\\/\\\/restaurantebarlapalma.com\\\/#\\\/schema\\\/logo\\\/image\\\/\"},\"sameAs\":[\"https:\\\/\\\/www.facebook.com\\\/BarRestauranteLaPalma\\\/\",\"https:\\\/\\\/www.instagram.com\\\/restaurantebarlapalma\\\/\"]}]}<\/script>\n<!-- \/ Yoast SEO Premium plugin. -->","yoast_head_json":{"title":"Restaurant in Estepona | La Palma, rice dishes and fresh fish","description":"Restaurant in Estepona with over 60 years of history. Freshly prepared rice dishes, fresh fish of the day, and a terrace in the heart of the historic center. Book now at La Palma.","robots":{"index":"index","follow":"follow","max-snippet":"max-snippet:-1","max-image-preview":"max-image-preview:large","max-video-preview":"max-video-preview:-1"},"canonical":"https:\/\/restaurantebarlapalma.com\/en\/bookings-2\/","og_locale":"en_GB","og_type":"article","og_title":"Restaurante Estepona La Palma Reservas","og_description":"Restaurante en Estepona con m\u00e1s de 60 a\u00f1os de historia. Arroces al momento, pescado fresco del d\u00eda y terraza en pleno centro hist\u00f3rico. Reserva en La Palma.","og_url":"https:\/\/restaurantebarlapalma.com\/en\/bookings-2\/","og_site_name":"Restaurante en Estepona centro | La Palma desde 1964","article_publisher":"https:\/\/www.facebook.com\/BarRestauranteLaPalma\/","article_modified_time":"2026-04-22T14:31:38+00:00","twitter_card":"summary_large_image","schema":{"@context":"https:\/\/schema.org","@graph":[{"@type":"WebPage","@id":"https:\/\/restaurantebarlapalma.com\/reservas\/","url":"https:\/\/restaurantebarlapalma.com\/reservas\/","name":"Restaurant in Estepona | La Palma, rice dishes and fresh fish","isPartOf":{"@id":"https:\/\/restaurantebarlapalma.com\/#website"},"datePublished":"2022-04-06T04:05:08+00:00","dateModified":"2026-04-22T14:31:38+00:00","description":"Restaurant in Estepona with over 60 years of history. Freshly prepared rice dishes, fresh fish of the day, and a terrace in the heart of the historic center. Book now at La Palma.","breadcrumb":{"@id":"https:\/\/restaurantebarlapalma.com\/reservas\/#breadcrumb"},"inLanguage":"en-GB","potentialAction":[{"@type":"ReadAction","target":["https:\/\/restaurantebarlapalma.com\/reservas\/"]}]},{"@type":"BreadcrumbList","@id":"https:\/\/restaurantebarlapalma.com\/reservas\/#breadcrumb","itemListElement":[{"@type":"ListItem","position":1,"name":"Home","item":"https:\/\/restaurantebarlapalma.com\/"},{"@type":"ListItem","position":2,"name":"Restaurante Estepona La Palma Reservas"}]},{"@type":"WebSite","@id":"https:\/\/restaurantebarlapalma.com\/#website","url":"https:\/\/restaurantebarlapalma.com\/","name":"Restaurant in Estepona centre | La Palma since 1964","description":"","publisher":{"@id":"https:\/\/restaurantebarlapalma.com\/#organization"},"potentialAction":[{"@type":"SearchAction","target":{"@type":"EntryPoint","urlTemplate":"https:\/\/restaurantebarlapalma.com\/?s={search_term_string}"},"query-input":{"@type":"PropertyValueSpecification","valueRequired":true,"valueName":"search_term_string"}}],"inLanguage":"en-GB"},{"@type":"Organization","@id":"https:\/\/restaurantebarlapalma.com\/#organization","name":"Restaurant in Estepona centre | La Palma since 1964","url":"https:\/\/restaurantebarlapalma.com\/","logo":{"@type":"ImageObject","inLanguage":"en-GB","@id":"https:\/\/restaurantebarlapalma.com\/#\/schema\/logo\/image\/","url":"https:\/\/restaurantebarlapalma.com\/wp-content\/uploads\/2023\/02\/header_logo.png","contentUrl":"https:\/\/restaurantebarlapalma.com\/wp-content\/uploads\/2023\/02\/header_logo.png","width":800,"height":240,"caption":"Restaurante en Estepona centro | La Palma desde 1964"},"image":{"@id":"https:\/\/restaurantebarlapalma.com\/#\/schema\/logo\/image\/"},"sameAs":["https:\/\/www.facebook.com\/BarRestauranteLaPalma\/","https:\/\/www.instagram.com\/restaurantebarlapalma\/"]}]}},"_links":{"self":[{"href":"https:\/\/restaurantebarlapalma.com\/en\/wp-json\/wp\/v2\/pages\/6110","targetHints":{"allow":["GET"]}}],"collection":[{"href":"https:\/\/restaurantebarlapalma.com\/en\/wp-json\/wp\/v2\/pages"}],"about":[{"href":"https:\/\/restaurantebarlapalma.com\/en\/wp-json\/wp\/v2\/types\/page"}],"author":[{"embeddable":true,"href":"https:\/\/restaurantebarlapalma.com\/en\/wp-json\/wp\/v2\/users\/1"}],"replies":[{"embeddable":true,"href":"https:\/\/restaurantebarlapalma.com\/en\/wp-json\/wp\/v2\/comments?post=6110"}],"version-history":[{"count":124,"href":"https:\/\/restaurantebarlapalma.com\/en\/wp-json\/wp\/v2\/pages\/6110\/revisions"}],"predecessor-version":[{"id":7923,"href":"https:\/\/restaurantebarlapalma.com\/en\/wp-json\/wp\/v2\/pages\/6110\/revisions\/7923"}],"wp:attachment":[{"href":"https:\/\/restaurantebarlapalma.com\/en\/wp-json\/wp\/v2\/media?parent=6110"}],"curies":[{"name":"wp","href":"https:\/\/api.w.org\/{rel}","templated":true}]}}